{"id":2,"date":"2022-02-27T10:01:54","date_gmt":"2022-02-27T09:01:54","guid":{"rendered":"https:\/\/personaltraining-wittlaer.de\/?page_id=2"},"modified":"2022-03-07T20:56:20","modified_gmt":"2022-03-07T19:56:20","slug":"functional-training","status":"publish","type":"page","link":"https:\/\/personaltraining-wittlaer.de\/index.php\/functional-training\/","title":{"rendered":"Functional Training (Gruppentraining)"},"content":{"rendered":"\n<p>Functional Training ist ein Ganzk\u00f6rper-Training, das vor allem auf freie \u00dcbungen setzt und das eigene K\u00f6rpergewicht mit in das Training integriert.<\/p>\n\n\n\n<p>Du hast Lust, dich richtig auszupowern, deine k\u00f6rperlichen Grenzen zu entdecken und gemeinsamen mit anderen zu schwitzen? Dann ist mein Functional Training genau das richtige Angebot f\u00fcr dich.<\/p>\n\n\n\n<p>Functional Training \u00dcbungen setzen vorwiegend auf das Training mit dem eigenen K\u00f6rpergewicht und Kleinger\u00e4ten, die die inter- und intramuskul\u00e4re Koordination trainieren und m\u00f6glichst viele Muskeln mit in eine \u00dcbung einbeziehen.<\/p>\n\n\n\n<p>Die Trainingsschwerpunkte sind Steigerung der Kraft, Kraftausdauer und Ausdauerf\u00e4higkeit. Ganzheitliche \u00dcbungen f\u00fcr Beine, Rumpf, Oberk\u00f6rper und Arme werden nach dem HIT (High Intensity Training) oder HIIT (High Intensity Interval Training) kombiniert.<\/p>\n\n\n\n<p>Functional Training beansprucht immer mehrere Muskelgruppen gleichzeitig und beinhaltet immer ein Core-Training.<\/p>\n\n\n\n<p>Diese Trainingsform arbeitet mit mehrdimensionalen Bewegungen und verschiedenen Bewegungsrichtungen, um alle K\u00f6rperachsen und K\u00f6rperebenen anzusprechen und integriert alle 5 sportmotorischen Grundf\u00e4higkeiten: Kraft, Ausdauer, Schnelligkeit, Beweglichkeit und Koordination. Es arbeitet mit freien Gewichten, instabilen Elementen, Kleinger\u00e4ten und dem eigenen K\u00f6rpergewicht.<\/p>\n\n\n\n<p>Ich stelle in meinen Trainingseinheiten eine \u00dcbungsvielfalt&nbsp; zusammen, die f\u00fcr Abwechslung sorgt und Spa\u00df bereitet. Durch die Freiheit der \u00dcbungen ist es notwendig, dass Functional Training von kompetenten Trainern angeleitet wird. Mir als Trainerin ist es mir wichtig, dass die \u00dcbungen korrekt in ihrer Ausf\u00fchrung umgesetzt werden, um Fehlhaltungen, Fehlbelasungen und Verletzungen zu vermeiden. Jeder Trainierende hat ein anderes Trainingslevel, somit werden die \u00dcbungen Individuell angepasst und genau aus diesem Grund wird Functional Training immer beliebter, da es flexibel anpassbar und somit f\u00fcr jeden geeignet ist.&nbsp;<\/p>\n\n\n\n<p>Aber vor allem macht Functional Spa\u00df und somit steigt die Motivation um Fit zu werden oder um Fit zu bleiben.<\/p>\n\n\n\n<p>Functional Training ist f\u00fcr dich geeignet, wenn du auf der Suche nach dem perfekten Ganzk\u00f6rperworkout bist.<\/p>\n\n\n\n<p>Es lohnt sich also Functional Training einmal auszuprobieren.<\/p>\n\n\n\n<p><\/p>\n\n\n\n<h2 class=\"wp-block-heading\" id=\"kontakt\">Weiterf\u00fchrende Links<\/h2>\n\n\n\n<p>Du erreichst mich telefonisch unter 0171 9587588, per EMail an <a href=\"mailto:bianka@polzius.de\">bianka@Polzius.de<\/a> oder \u00fcber das <a href=\"https:\/\/yogafaszination.de\/kontakt\/\">Kontaktformular<\/a><\/p>\n\n\n\n<p id=\"kundenmeinungen-finden-sie-hier\">Kundenmeinungen findest du <a href=\"https:\/\/yogafaszination.de\/kundenmeinungen-personaltraining\/\">&gt;&gt;&gt; hier &lt;&lt;&lt;<\/a><\/p>\n\n\n\n<p><a rel=\"noreferrer noopener\" href=\"https:\/\/yogafaszination.de\/gutscheine\/\" target=\"_blank\">Gutscheine<\/a> sind eine tolle Geschenkidee f\u00fcr deine Lieben.<\/p>\n\n\n\n<p>Mein gesamtes Angebot <a href=\"https:\/\/yogafaszination.de\" target=\"_blank\" rel=\"noreferrer noopener\">www.yogafaszination.de<\/a><\/p>\n","protected":false},"excerpt":{"rendered":"<p>Functional Training ist ein Ganzk\u00f6rper-Training, das vor allem auf freie \u00dcbungen setzt und das eigene K\u00f6rpergewicht mit in das Training integriert. Du hast Lust, dich richtig auszupowern, deine k\u00f6rperlichen Grenzen zu entdecken und gemeinsamen mit anderen zu schwitzen? Dann ist mein Functional Training genau das richtige Angebot f\u00fcr dich. Functional Training \u00dcbungen setzen vorwiegend auf &hellip; <\/p>\n<p class=\"link-more\"><a href=\"https:\/\/personaltraining-wittlaer.de\/index.php\/functional-training\/\" class=\"more-link\"><span class=\"screen-reader-text\">\u201eFunctional Training (Gruppentraining)\u201c <\/span>weiterlesen<\/a><\/p>\n","protected":false},"author":1,"featured_media":0,"parent":0,"menu_order":0,"comment_status":"closed","ping_status":"closed","template":"","meta":{"footnotes":""},"class_list":["post-2","page","type-page","status-publish","hentry"],"_links":{"self":[{"href":"https:\/\/personaltraining-wittlaer.de\/index.php\/wp-json\/wp\/v2\/pages\/2","targetHints":{"allow":["GET"]}}],"collection":[{"href":"https:\/\/personaltraining-wittlaer.de\/index.php\/wp-json\/wp\/v2\/pages"}],"about":[{"href":"https:\/\/personaltraining-wittlaer.de\/index.php\/wp-json\/wp\/v2\/types\/page"}],"author":[{"embeddable":true,"href":"https:\/\/personaltraining-wittlaer.de\/index.php\/wp-json\/wp\/v2\/users\/1"}],"replies":[{"embeddable":true,"href":"https:\/\/personaltraining-wittlaer.de\/index.php\/wp-json\/wp\/v2\/comments?post=2"}],"version-history":[{"count":6,"href":"https:\/\/personaltraining-wittlaer.de\/index.php\/wp-json\/wp\/v2\/pages\/2\/revisions"}],"predecessor-version":[{"id":26,"href":"https:\/\/personaltraining-wittlaer.de\/index.php\/wp-json\/wp\/v2\/pages\/2\/revisions\/26"}],"wp:attachment":[{"href":"https:\/\/personaltraining-wittlaer.de\/index.php\/wp-json\/wp\/v2\/media?parent=2"}],"curies":[{"name":"wp","href":"https:\/\/api.w.org\/{rel}","templated":true}]}}